{"id":374,"date":"2018-05-24T18:21:07","date_gmt":"2018-05-24T22:21:07","guid":{"rendered":"https:\/\/jonastomalty.com\/home\/"},"modified":"2026-02-17T12:41:31","modified_gmt":"2026-02-17T17:41:31","slug":"home","status":"publish","type":"page","link":"https:\/\/jonastomalty.com\/fr\/","title":{"rendered":"Accueil"},"content":{"rendered":"<div class=\"wpb-content-wrapper\"><p>[vc_row type=\u00a0\u00bbfull_width_section\u00a0\u00bb][vc_column width=\u00a0\u00bb1\/1&Prime;]\n\t\t\t<!-- START Home FR 2026 REVOLUTION SLIDER 6.7.7 --><p class=\"rs-p-wp-fix\"><\/p>\n\t\t\t<rs-module-wrap id=\"rev_slider_11_1_wrapper\" data-source=\"gallery\" style=\"visibility:hidden;background:transparent;padding:0;margin:0px auto;margin-top:0;margin-bottom:0;\">\n\t\t\t\t<rs-module id=\"rev_slider_11_1\" style=\"\" data-version=\"6.7.7\">\n\t\t\t\t\t<rs-slides style=\"overflow: hidden; position: absolute;\">\n\t\t\t\t\t\t<rs-slide style=\"position: absolute;\" data-key=\"rs-29\" data-title=\"Slide\" data-in=\"o:0;\" data-out=\"a:false;\">\n\t\t\t\t\t\t\t<img decoding=\"async\" src=\"\/\/jonastomalty.com\/wp-content\/plugins\/revslider\/sr6\/assets\/assets\/dummy.png\" alt=\"Slide\" title=\"Accueil\" class=\"rev-slidebg tp-rs-img rs-lazyload\" data-lazyload=\"\/\/jonastomalty.com\/wp-content\/plugins\/revslider\/sr6\/assets\/assets\/transparent.png\" data-bg=\"c:#000000;\" data-no-retina>\n<!--\n\t\t\t\t\t\t\t--><rs-layer\n\t\t\t\t\t\t\t\tid=\"slider-11-slide-29-layer-0\" \n\t\t\t\t\t\t\t\tdata-type=\"image\"\n\t\t\t\t\t\t\t\tdata-rsp_ch=\"on\"\n\t\t\t\t\t\t\t\tdata-xy=\"x:c;xo:0,0,0,31px;y:m;\"\n\t\t\t\t\t\t\t\tdata-text=\"w:normal;s:20,20,12,7;l:0,0,15,9;\"\n\t\t\t\t\t\t\t\tdata-dim=\"w:2625px,2625px,2250px,1875px;h:700px,700px,600px,500px;\"\n\t\t\t\t\t\t\t\tdata-frame_999=\"o:0;st:w;\"\n\t\t\t\t\t\t\t\tstyle=\"z-index:5;\"\n\t\t\t\t\t\t\t><img decoding=\"async\" src=\"\/\/jonastomalty.com\/wp-content\/plugins\/revslider\/sr6\/assets\/assets\/dummy.png\" alt=\"\" class=\"tp-rs-img rs-lazyload\" width=\"3000\" height=\"800\" data-lazyload=\"\/\/jonastomalty.com\/wp-content\/uploads\/2026\/02\/Jonas-2026-Header-BG-1.jpg\" data-no-retina> \n\t\t\t\t\t\t\t<\/rs-layer><!--\n\n\t\t\t\t\t\t\t--><rs-layer\n\t\t\t\t\t\t\t\tid=\"slider-11-slide-29-layer-1\" \n\t\t\t\t\t\t\t\tdata-type=\"text\"\n\t\t\t\t\t\t\t\tdata-rsp_ch=\"on\"\n\t\t\t\t\t\t\t\tdata-xy=\"x:c;xo:291px,291px,182px,108px;y:m;yo:-97px,-97px,-60px,-48px;\"\n\t\t\t\t\t\t\t\tdata-text=\"w:normal;s:34,34,30,22;l:36,36,30,22;\"\n\t\t\t\t\t\t\t\tdata-dim=\"w:593px,593px,371px,228px;\"\n\t\t\t\t\t\t\t\tdata-frame_999=\"o:0;st:w;\"\n\t\t\t\t\t\t\t\tstyle=\"z-index:6;font-family:'Caveat';\"\n\t\t\t\t\t\t\t>Bonjour \u00e0 tous!<br \/>\nIci Jonas.<br \/>\n<br \/>\nBienvenue sur le hub officiel. Vous trouverez ici les liens vers tous mes projets, pass\u00e9s et pr\u00e9sents, ainsi que les mises \u00e0 jour sur les r\u00e9seaux sociaux pour toutes mes nouvelles. Vous y trouverez \u00e9galement ma discographie compl\u00e8te et les dates de mes prochains spectacles.<br \/>\n<br \/>\nBonne visite et au plaisir de vous voir dans la foule! \n\t\t\t\t\t\t\t<\/rs-layer><!--\n\n\t\t\t\t\t\t\t--><rs-layer\n\t\t\t\t\t\t\t\tid=\"slider-11-slide-29-layer-2\" \n\t\t\t\t\t\t\t\tdata-type=\"image\"\n\t\t\t\t\t\t\t\tdata-rsp_ch=\"on\"\n\t\t\t\t\t\t\t\tdata-xy=\"xo:621px,621px,388px,235px;yo:468px,468px,459px,385px;\"\n\t\t\t\t\t\t\t\tdata-text=\"w:normal;s:20,20,12,7;l:0,0,15,9;\"\n\t\t\t\t\t\t\t\tdata-dim=\"w:157px,157px,98px,81px;h:190px,190px,118px,98px;\"\n\t\t\t\t\t\t\t\tdata-frame_999=\"o:0;st:w;\"\n\t\t\t\t\t\t\t\tstyle=\"z-index:7;\"\n\t\t\t\t\t\t\t><img decoding=\"async\" src=\"\/\/jonastomalty.com\/wp-content\/plugins\/revslider\/sr6\/assets\/assets\/dummy.png\" alt=\"\" class=\"tp-rs-img rs-lazyload\" width=\"500\" height=\"604\" data-lazyload=\"\/\/jonastomalty.com\/wp-content\/uploads\/2026\/02\/Jonas-signature.png\" data-no-retina> \n\t\t\t\t\t\t\t<\/rs-layer><!--\n-->\t\t\t\t\t<\/rs-slide>\n\t\t\t\t\t<\/rs-slides>\n\t\t\t\t<\/rs-module>\n\t\t\t\t<script>\n\t\t\t\t\tsetREVStartSize({c: 'rev_slider_11_1',rl:[1240,1240,778,480],el:[700,700,600,500],gw:[1240,1240,778,480],gh:[700,700,600,500],type:'standard',justify:'',layout:'fullwidth',mh:\"0\"});if (window.RS_MODULES!==undefined && window.RS_MODULES.modules!==undefined && window.RS_MODULES.modules[\"revslider111\"]!==undefined) {window.RS_MODULES.modules[\"revslider111\"].once = false;window.revapi11 = undefined;if (window.RS_MODULES.checkMinimal!==undefined) window.RS_MODULES.checkMinimal()}\n\t\t\t\t<\/script>\n\t\t\t<\/rs-module-wrap>\n\t\t\t<!-- END REVOLUTION SLIDER -->\n[\/vc_column][\/vc_row][vc_row top_padding=\u00a0\u00bb30&Prime;][vc_column width=\u00a0\u00bb1\/1&Prime;][vc_row_inner][vc_column_inner width=\u00a0\u00bb1\/5&Prime;][vc_column_text el_class=\u00a0\u00bbhome-albums\u00a0\u00bb]<a href=\"https:\/\/music.apple.com\/ca\/artist\/jonas-the-jaguar-moon\/1769419859\" target=\"_blank\" rel=\"noopener\"><img loading=\"lazy\" decoding=\"async\" class=\"alignnone size-full wp-image-547\" src=\"https:\/\/jonastomalty.com\/wp-content\/uploads\/2026\/02\/Jonas-Jaguar-Moon.jpg\" alt=\"Jonas &amp; the Jaguar Moon \" width=\"632\" height=\"632\" srcset=\"https:\/\/jonastomalty.com\/wp-content\/uploads\/2026\/02\/Jonas-Jaguar-Moon.jpg 632w, https:\/\/jonastomalty.com\/wp-content\/uploads\/2026\/02\/Jonas-Jaguar-Moon-300x300.jpg 300w, https:\/\/jonastomalty.com\/wp-content\/uploads\/2026\/02\/Jonas-Jaguar-Moon-150x150.jpg 150w, https:\/\/jonastomalty.com\/wp-content\/uploads\/2026\/02\/Jonas-Jaguar-Moon-80x80.jpg 80w, https:\/\/jonastomalty.com\/wp-content\/uploads\/2026\/02\/Jonas-Jaguar-Moon-500x500.jpg 500w\" sizes=\"auto, (max-width: 632px) 100vw, 632px\" \/><\/a>[\/vc_column_text][\/vc_column_inner][vc_column_inner width=\u00a0\u00bb1\/5&Prime;][vc_column_text el_class=\u00a0\u00bbhome-albums\u00a0\u00bb]<a href=\"https:\/\/music.apple.com\/ca\/artist\/jonas\/1656455069\" target=\"_blank\" rel=\"noopener\"><img loading=\"lazy\" decoding=\"async\" class=\"alignnone size-full wp-image-549\" src=\"https:\/\/jonastomalty.com\/wp-content\/uploads\/2026\/02\/Jonas-Jonas.jpg\" alt=\"\" width=\"632\" height=\"632\" srcset=\"https:\/\/jonastomalty.com\/wp-content\/uploads\/2026\/02\/Jonas-Jonas.jpg 632w, https:\/\/jonastomalty.com\/wp-content\/uploads\/2026\/02\/Jonas-Jonas-300x300.jpg 300w, https:\/\/jonastomalty.com\/wp-content\/uploads\/2026\/02\/Jonas-Jonas-150x150.jpg 150w, https:\/\/jonastomalty.com\/wp-content\/uploads\/2026\/02\/Jonas-Jonas-80x80.jpg 80w, https:\/\/jonastomalty.com\/wp-content\/uploads\/2026\/02\/Jonas-Jonas-500x500.jpg 500w\" sizes=\"auto, (max-width: 632px) 100vw, 632px\" \/><\/a>[\/vc_column_text][\/vc_column_inner][vc_column_inner width=\u00a0\u00bb1\/5&Prime;][vc_column_text el_class=\u00a0\u00bbhome-albums\u00a0\u00bb]<a href=\"https:\/\/music.apple.com\/ca\/artist\/jonas-the-massive-attraction\/389149960\" target=\"_blank\" rel=\"noopener\"><img loading=\"lazy\" decoding=\"async\" class=\"alignnone size-full wp-image-551\" src=\"https:\/\/jonastomalty.com\/wp-content\/uploads\/2026\/02\/Jonas-Massive.jpg\" alt=\"Jonas &amp; the Massive Attraction\" width=\"632\" height=\"632\" srcset=\"https:\/\/jonastomalty.com\/wp-content\/uploads\/2026\/02\/Jonas-Massive.jpg 632w, https:\/\/jonastomalty.com\/wp-content\/uploads\/2026\/02\/Jonas-Massive-300x300.jpg 300w, https:\/\/jonastomalty.com\/wp-content\/uploads\/2026\/02\/Jonas-Massive-150x150.jpg 150w, https:\/\/jonastomalty.com\/wp-content\/uploads\/2026\/02\/Jonas-Massive-80x80.jpg 80w, https:\/\/jonastomalty.com\/wp-content\/uploads\/2026\/02\/Jonas-Massive-500x500.jpg 500w\" sizes=\"auto, (max-width: 632px) 100vw, 632px\" \/><\/a>[\/vc_column_text][\/vc_column_inner][vc_column_inner width=\u00a0\u00bb1\/5&Prime;][vc_column_text el_class=\u00a0\u00bbhome-albums\u00a0\u00bb]<a href=\"https:\/\/music.apple.com\/ca\/artist\/jonas-tomalty\/334566153\" target=\"_blank\" rel=\"noopener\"><img loading=\"lazy\" decoding=\"async\" class=\"alignnone size-full wp-image-553\" src=\"https:\/\/jonastomalty.com\/wp-content\/uploads\/2026\/02\/Jonas-Jonas-Tomalty.jpg\" alt=\"Jonas Tomalty\" width=\"632\" height=\"632\" srcset=\"https:\/\/jonastomalty.com\/wp-content\/uploads\/2026\/02\/Jonas-Jonas-Tomalty.jpg 632w, https:\/\/jonastomalty.com\/wp-content\/uploads\/2026\/02\/Jonas-Jonas-Tomalty-300x300.jpg 300w, https:\/\/jonastomalty.com\/wp-content\/uploads\/2026\/02\/Jonas-Jonas-Tomalty-150x150.jpg 150w, https:\/\/jonastomalty.com\/wp-content\/uploads\/2026\/02\/Jonas-Jonas-Tomalty-80x80.jpg 80w, https:\/\/jonastomalty.com\/wp-content\/uploads\/2026\/02\/Jonas-Jonas-Tomalty-500x500.jpg 500w\" sizes=\"auto, (max-width: 632px) 100vw, 632px\" \/><\/a>[\/vc_column_text][\/vc_column_inner][vc_column_inner width=\u00a0\u00bb1\/5&Prime;][vc_column_text el_class=\u00a0\u00bbhome-albums\u00a0\u00bb]<a href=\"https:\/\/music.apple.com\/ca\/album\/rubberman\/326527655\" target=\"_blank\" rel=\"noopener\"><img loading=\"lazy\" decoding=\"async\" class=\"alignnone size-full wp-image-555\" src=\"https:\/\/jonastomalty.com\/wp-content\/uploads\/2026\/02\/Jonas-Rubberman.jpg\" alt=\"Rubberman\" width=\"632\" height=\"632\" srcset=\"https:\/\/jonastomalty.com\/wp-content\/uploads\/2026\/02\/Jonas-Rubberman.jpg 632w, https:\/\/jonastomalty.com\/wp-content\/uploads\/2026\/02\/Jonas-Rubberman-300x300.jpg 300w, https:\/\/jonastomalty.com\/wp-content\/uploads\/2026\/02\/Jonas-Rubberman-150x150.jpg 150w, https:\/\/jonastomalty.com\/wp-content\/uploads\/2026\/02\/Jonas-Rubberman-80x80.jpg 80w, https:\/\/jonastomalty.com\/wp-content\/uploads\/2026\/02\/Jonas-Rubberman-500x500.jpg 500w\" sizes=\"auto, (max-width: 632px) 100vw, 632px\" \/><\/a>[\/vc_column_text][\/vc_column_inner][\/vc_row_inner][\/vc_column][\/vc_row][vc_row top_padding=\u00a0\u00bb50&Prime; bottom_padding=\u00a0\u00bb50&Prime; row_id=\u00a0\u00bbtour-dates\u00a0\u00bb][vc_column width=\u00a0\u00bb1\/1&Prime;][vc_icon icon_fontawesome=\u00a0\u00bbfas fa-calendar-alt\u00a0\u00bb color=\u00a0\u00bbcustom\u00a0\u00bb size=\u00a0\u00bblg\u00a0\u00bb align=\u00a0\u00bbcenter\u00a0\u00bb css=\u00a0\u00bb.vc_custom_1591892899648{margin-bottom: 0px !important;}\u00a0\u00bb custom_color=\u00a0\u00bb#34acb5&Prime;][vc_column_text]<\/p>\n<div align=\"center\">\n<h2 style=\"margin-bottom: 0px;\">SPECTACLES<\/h2>\n<\/div>\n<p><a class=\"bit-widget-initializer\" data-artist-name=\"Jonas &amp; the Jaguar Moon\" data-text-color=\"#000\" data-link-color=\"#3d485f\" data-link-text-color=\"#fff\" data-background-color=\"#fff\" data-popup-background-color=\"#FFFFFF\" data-display-local-dates=\"false\" data-display-past-dates=\"true\" data-display-limit=\"15\" data-auto-style=\"false\" ><\/a><style type=\"text\/css\">            <\/style>[\/vc_column_text][\/vc_column][\/vc_row][vc_row bg_color=\u00a0\u00bb#f4f4f4&Prime; top_padding=\u00a0\u00bb50&Prime; bottom_padding=\u00a0\u00bb50&Prime; row_id=\u00a0\u00bbgallery\u00a0\u00bb][vc_column width=\u00a0\u00bb1\/1&Prime;][vc_column_text]<\/p>\n<div align=\"center\">\n<h2 style=\"margin-bottom: 0px;\">Galerie<\/h2>\n<\/div>\n<p>[\/vc_column_text][vc_masonry_media_grid element_width=\u00a0\u00bb2&Prime; grid_id=\u00a0\u00bbvc_gid:1771350068555-c19903e0-e227-8&Prime; include=\u00a0\u00bb420,422,480,478,476,474,472,470,468,466,464,462,460,458,456,454,452,450,448,446,444,442,440,438,436,434,432,430,428,426,424&Prime;][\/vc_column][\/vc_row][vc_row top_padding=\u00a0\u00bb50&Prime; bottom_padding=\u00a0\u00bb100&Prime; row_id=\u00a0\u00bbjonas-contact\u00a0\u00bb][vc_column width=\u00a0\u00bb2\/3&Prime;][vc_column_text]<\/p>\n<h3 style=\"margin-bottom: 0px;\">CONTACT<\/h3>\n<p>[\/vc_column_text]<div class=\"toggle\"><div class=\"toggle-title \">Booking<\/div><div class=\"toggle-inner\"><p><strong>Fierce Talent Agency<\/strong><br \/>\nJean S\u00e9bastien H\u00e9bert-Brunelle<br \/>\n<a href=\"mailto:js@fiercetalentagency.com\" target=\"_blank\" rel=\"noopener\">js@fiercetalentagency.com<\/a><br \/>\n514.781.8559<\/p><\/div><\/div><div class=\"toggle\"><div class=\"toggle-title \">G\u00e9rance<\/div><div class=\"toggle-inner\"><p><strong>O\u2019Lion Productions<\/strong><br \/>\n<a href=\"mailto:info@olionproductions.com\" target=\"_blank\" rel=\"noopener\">info@olionproductions.com<\/a><\/p><\/div><\/div><div class=\"toggle\"><div class=\"toggle-title \">Relations de presse<\/div><div class=\"toggle-inner\"><p><strong>Marie-France C\u00f4t\u00e9<\/strong><br \/>\n<a href=\"mailto:mfcote@roy-turner.com\" target=\"_blank\" rel=\"noopener\">mfcote@roy-turner.com<\/a><br \/>\n514-705-9672<\/p><\/div><\/div>[\/vc_column][vc_column width=\u00a0\u00bb1\/3&Prime;][vc_column_text]<\/p>\n<h3>Abonnez-vous \u00e0 l\u2019infolettre<\/h3>\n<p>Abonnez-vous \u00e0 l\u2019infolettre d\u00e8s MAINTENANT et obtenez, avant tout le monde, des infos sur les dates et billets de spectacles et entendez des extraits des nouvelles chansons de Jonas!<\/p>\n<p><script>(function() {\n\twindow.mc4wp = window.mc4wp || {\n\t\tlisteners: [],\n\t\tforms: {\n\t\t\ton: function(evt, cb) {\n\t\t\t\twindow.mc4wp.listeners.push(\n\t\t\t\t\t{\n\t\t\t\t\t\tevent   : evt,\n\t\t\t\t\t\tcallback: cb\n\t\t\t\t\t}\n\t\t\t\t);\n\t\t\t}\n\t\t}\n\t}\n})();\n<\/script><!-- Mailchimp for WordPress v4.9.13 - https:\/\/wordpress.org\/plugins\/mailchimp-for-wp\/ --><form id=\"mc4wp-form-1\" class=\"mc4wp-form mc4wp-form-322\" method=\"post\" data-id=\"322\" data-name=\"Join Mailing List\" ><div class=\"mc4wp-form-fields\"><input type=\"email\" name=\"EMAIL\" placeholder=\"Your email address\" required \/>\r\n\r\n<input type=\"submit\" value=\"Sign up\" \/><\/div><label style=\"display: none !important;\">Laissez ce champ vide si vous \u00eates humain\u00a0: <input type=\"text\" name=\"_mc4wp_honeypot\" value=\"\" tabindex=\"-1\" autocomplete=\"off\" \/><\/label><input type=\"hidden\" name=\"_mc4wp_timestamp\" value=\"1776691489\" \/><input type=\"hidden\" name=\"_mc4wp_form_id\" value=\"322\" \/><input type=\"hidden\" name=\"_mc4wp_form_element_id\" value=\"mc4wp-form-1\" \/><div class=\"mc4wp-response\"><\/div><\/form><!-- \/ Mailchimp for WordPress Plugin -->[\/vc_column_text][\/vc_column][\/vc_row]<\/p>\n<\/div>","protected":false},"excerpt":{"rendered":"<p>[vc_row type=\u00a0\u00bbfull_width_section\u00a0\u00bb][vc_column width=\u00a0\u00bb1\/1&Prime;][\/vc_column][\/vc_row][vc_row top_padding=\u00a0\u00bb30&Prime;][vc_column width=\u00a0\u00bb1\/1&Prime;][vc_row_inner][vc_column_inner width=\u00a0\u00bb1\/5&Prime;][vc_column_text el_class=\u00a0\u00bbhome-albums\u00a0\u00bb][\/vc_column_text][\/vc_column_inner][vc_column_inner width=\u00a0\u00bb1\/5&Prime;][vc_column_text el_class=\u00a0\u00bbhome-albums\u00a0\u00bb][\/vc_column_text][\/vc_column_inner][vc_column_inner width=\u00a0\u00bb1\/5&Prime;][vc_column_text el_class=\u00a0\u00bbhome-albums\u00a0\u00bb][\/vc_column_text][\/vc_column_inner][vc_column_inner width=\u00a0\u00bb1\/5&Prime;][vc_column_text el_class=\u00a0\u00bbhome-albums\u00a0\u00bb][\/vc_column_text][\/vc_column_inner][vc_column_inner width=\u00a0\u00bb1\/5&Prime;][vc_column_text el_class=\u00a0\u00bbhome-albums\u00a0\u00bb][\/vc_column_text][\/vc_column_inner][\/vc_row_inner][\/vc_column][\/vc_row][vc_row top_padding=\u00a0\u00bb50&Prime; bottom_padding=\u00a0\u00bb50&Prime; row_id=\u00a0\u00bbtour-dates\u00a0\u00bb][vc_column width=\u00a0\u00bb1\/1&Prime;][vc_icon icon_fontawesome=\u00a0\u00bbfas fa-calendar-alt\u00a0\u00bb color=\u00a0\u00bbcustom\u00a0\u00bb size=\u00a0\u00bblg\u00a0\u00bb align=\u00a0\u00bbcenter\u00a0\u00bb css=\u00a0\u00bb.vc_custom_1591892899648{margin-bottom: 0px !important;}\u00a0\u00bb custom_color=\u00a0\u00bb#34acb5&Prime;][vc_column_text] SPECTACLES [\/vc_column_text][\/vc_column][\/vc_row][vc_row bg_color=\u00a0\u00bb#f4f4f4&Prime; top_padding=\u00a0\u00bb50&Prime; bottom_padding=\u00a0\u00bb50&Prime; row_id=\u00a0\u00bbgallery\u00a0\u00bb][vc_column width=\u00a0\u00bb1\/1&Prime;][vc_column_text] Galerie [\/vc_column_text][vc_masonry_media_grid element_width=\u00a0\u00bb2&Prime; grid_id=\u00a0\u00bbvc_gid:1771350068555-c19903e0-e227-8&Prime; include=\u00a0\u00bb420,422,480,478,476,474,472,470,468,466,464,462,460,458,456,454,452,450,448,446,444,442,440,438,436,434,432,430,428,426,424&Prime;][\/vc_column][\/vc_row][vc_row top_padding=\u00a0\u00bb50&Prime; bottom_padding=\u00a0\u00bb100&Prime; row_id=\u00a0\u00bbjonas-contact\u00a0\u00bb][vc_column width=\u00a0\u00bb2\/3&Prime;][vc_column_text] CONTACT [\/vc_column_text][\/vc_column][vc_column width=\u00a0\u00bb1\/3&Prime;][vc_column_text] Abonnez-vous \u00e0 l\u2019infolettre Abonnez-vous \u00e0 l\u2019infolettre d\u00e8s MAINTENANT et obtenez, avant tout le monde, des infos sur les dates et billets de spectacles et entendez des extraits des nouvelles chansons de Jonas! [\/vc_column_text][\/vc_column][\/vc_row]<\/p>\n","protected":false},"author":3,"featured_media":407,"parent":0,"menu_order":0,"comment_status":"closed","ping_status":"closed","template":"","meta":{"footnotes":""},"class_list":["post-374","page","type-page","status-publish","has-post-thumbnail","hentry"],"yoast_head":"<!-- This site is optimized with the Yoast SEO plugin v22.5 - https:\/\/yoast.com\/wordpress\/plugins\/seo\/ -->\n<title>JONAS TOMALTY<\/title>\n<meta name=\"description\" content=\"Jonas Tomalty s\u2019illumine devant un nouvel horizon avec du tout nouveau mat\u00e9riel et un nouveau groupe de musiciens super talentueux !\" \/>\n<meta name=\"robots\" content=\"index, follow, max-snippet:-1, max-image-preview:large, max-video-preview:-1\" \/>\n<link rel=\"canonical\" href=\"https:\/\/jonastomalty.com\/fr\/\" \/>\n<meta property=\"og:locale\" content=\"fr_FR\" \/>\n<meta property=\"og:type\" content=\"article\" \/>\n<meta property=\"og:title\" content=\"JONAS TOMALTY\" \/>\n<meta property=\"og:description\" content=\"Jonas Tomalty s\u2019illumine devant un nouvel horizon avec du tout nouveau mat\u00e9riel et un nouveau groupe de musiciens super talentueux !\" \/>\n<meta property=\"og:url\" content=\"https:\/\/jonastomalty.com\/fr\/\" \/>\n<meta property=\"og:site_name\" content=\"Jonas Tomalty\" \/>\n<meta property=\"article:publisher\" content=\"https:\/\/www.facebook.com\/iamjonastomalty\" \/>\n<meta property=\"article:modified_time\" content=\"2026-02-17T17:41:31+00:00\" \/>\n<meta property=\"og:image\" content=\"https:\/\/jonastomalty.com\/wp-content\/uploads\/2022\/06\/Jonas-Tomalty-Undivided-1.jpg\" \/>\n\t<meta property=\"og:image:width\" content=\"733\" \/>\n\t<meta property=\"og:image:height\" content=\"733\" \/>\n\t<meta property=\"og:image:type\" content=\"image\/jpeg\" \/>\n<meta name=\"twitter:card\" content=\"summary_large_image\" \/>\n<meta name=\"twitter:site\" content=\"@jtomalty\" \/>\n<meta name=\"twitter:label1\" content=\"Dur\u00e9e de lecture estim\u00e9e\" \/>\n\t<meta name=\"twitter:data1\" content=\"8 minutes\" \/>\n<script type=\"application\/ld+json\" class=\"yoast-schema-graph\">{\"@context\":\"https:\/\/schema.org\",\"@graph\":[{\"@type\":\"WebPage\",\"@id\":\"https:\/\/jonastomalty.com\/fr\/\",\"url\":\"https:\/\/jonastomalty.com\/fr\/\",\"name\":\"JONAS TOMALTY\",\"isPartOf\":{\"@id\":\"https:\/\/jonastomalty.com\/fr\/#website\"},\"primaryImageOfPage\":{\"@id\":\"https:\/\/jonastomalty.com\/fr\/#primaryimage\"},\"image\":{\"@id\":\"https:\/\/jonastomalty.com\/fr\/#primaryimage\"},\"thumbnailUrl\":\"https:\/\/jonastomalty.com\/wp-content\/uploads\/2022\/06\/Jonas-Tomalty-Undivided-1.jpg\",\"datePublished\":\"2018-05-24T22:21:07+00:00\",\"dateModified\":\"2026-02-17T17:41:31+00:00\",\"description\":\"Jonas Tomalty s\u2019illumine devant un nouvel horizon avec du tout nouveau mat\u00e9riel et un nouveau groupe de musiciens super talentueux !\",\"breadcrumb\":{\"@id\":\"https:\/\/jonastomalty.com\/fr\/#breadcrumb\"},\"inLanguage\":\"fr-FR\",\"potentialAction\":[{\"@type\":\"ReadAction\",\"target\":[\"https:\/\/jonastomalty.com\/fr\/\"]}]},{\"@type\":\"ImageObject\",\"inLanguage\":\"fr-FR\",\"@id\":\"https:\/\/jonastomalty.com\/fr\/#primaryimage\",\"url\":\"https:\/\/jonastomalty.com\/wp-content\/uploads\/2022\/06\/Jonas-Tomalty-Undivided-1.jpg\",\"contentUrl\":\"https:\/\/jonastomalty.com\/wp-content\/uploads\/2022\/06\/Jonas-Tomalty-Undivided-1.jpg\",\"width\":733,\"height\":733,\"caption\":\"Jonas Tomalty - Undivided\"},{\"@type\":\"BreadcrumbList\",\"@id\":\"https:\/\/jonastomalty.com\/fr\/#breadcrumb\",\"itemListElement\":[{\"@type\":\"ListItem\",\"position\":1,\"name\":\"Home\",\"item\":\"https:\/\/jonastomalty.com\/fr\/\"},{\"@type\":\"ListItem\",\"position\":2,\"name\":\"Accueil\"}]},{\"@type\":\"WebSite\",\"@id\":\"https:\/\/jonastomalty.com\/fr\/#website\",\"url\":\"https:\/\/jonastomalty.com\/fr\/\",\"name\":\"Jonas Tomalty\",\"description\":\"New solo debut single &quot;All In For You&quot; available now!\",\"publisher\":{\"@id\":\"https:\/\/jonastomalty.com\/fr\/#organization\"},\"potentialAction\":[{\"@type\":\"SearchAction\",\"target\":{\"@type\":\"EntryPoint\",\"urlTemplate\":\"https:\/\/jonastomalty.com\/fr\/?s={search_term_string}\"},\"query-input\":\"required name=search_term_string\"}],\"inLanguage\":\"fr-FR\"},{\"@type\":\"Organization\",\"@id\":\"https:\/\/jonastomalty.com\/fr\/#organization\",\"name\":\"Jonas Tomalty\",\"url\":\"https:\/\/jonastomalty.com\/fr\/\",\"logo\":{\"@type\":\"ImageObject\",\"inLanguage\":\"fr-FR\",\"@id\":\"https:\/\/jonastomalty.com\/fr\/#\/schema\/logo\/image\/\",\"url\":\"https:\/\/jonastomalty.com\/wp-content\/uploads\/2019\/05\/jonas-tomalty-retina-logo.jpg\",\"contentUrl\":\"https:\/\/jonastomalty.com\/wp-content\/uploads\/2019\/05\/jonas-tomalty-retina-logo.jpg\",\"width\":920,\"height\":90,\"caption\":\"Jonas Tomalty\"},\"image\":{\"@id\":\"https:\/\/jonastomalty.com\/fr\/#\/schema\/logo\/image\/\"},\"sameAs\":[\"https:\/\/www.facebook.com\/iamjonastomalty\",\"https:\/\/x.com\/jtomalty\",\"https:\/\/www.instagram.com\/jonastomalty\"]}]}<\/script>\n<!-- \/ Yoast SEO plugin. -->","yoast_head_json":{"title":"JONAS TOMALTY","description":"Jonas Tomalty s\u2019illumine devant un nouvel horizon avec du tout nouveau mat\u00e9riel et un nouveau groupe de musiciens super talentueux !","robots":{"index":"index","follow":"follow","max-snippet":"max-snippet:-1","max-image-preview":"max-image-preview:large","max-video-preview":"max-video-preview:-1"},"canonical":"https:\/\/jonastomalty.com\/fr\/","og_locale":"fr_FR","og_type":"article","og_title":"JONAS TOMALTY","og_description":"Jonas Tomalty s\u2019illumine devant un nouvel horizon avec du tout nouveau mat\u00e9riel et un nouveau groupe de musiciens super talentueux !","og_url":"https:\/\/jonastomalty.com\/fr\/","og_site_name":"Jonas Tomalty","article_publisher":"https:\/\/www.facebook.com\/iamjonastomalty","article_modified_time":"2026-02-17T17:41:31+00:00","og_image":[{"width":733,"height":733,"url":"https:\/\/jonastomalty.com\/wp-content\/uploads\/2022\/06\/Jonas-Tomalty-Undivided-1.jpg","type":"image\/jpeg"}],"twitter_card":"summary_large_image","twitter_site":"@jtomalty","twitter_misc":{"Dur\u00e9e de lecture estim\u00e9e":"8 minutes"},"schema":{"@context":"https:\/\/schema.org","@graph":[{"@type":"WebPage","@id":"https:\/\/jonastomalty.com\/fr\/","url":"https:\/\/jonastomalty.com\/fr\/","name":"JONAS TOMALTY","isPartOf":{"@id":"https:\/\/jonastomalty.com\/fr\/#website"},"primaryImageOfPage":{"@id":"https:\/\/jonastomalty.com\/fr\/#primaryimage"},"image":{"@id":"https:\/\/jonastomalty.com\/fr\/#primaryimage"},"thumbnailUrl":"https:\/\/jonastomalty.com\/wp-content\/uploads\/2022\/06\/Jonas-Tomalty-Undivided-1.jpg","datePublished":"2018-05-24T22:21:07+00:00","dateModified":"2026-02-17T17:41:31+00:00","description":"Jonas Tomalty s\u2019illumine devant un nouvel horizon avec du tout nouveau mat\u00e9riel et un nouveau groupe de musiciens super talentueux !","breadcrumb":{"@id":"https:\/\/jonastomalty.com\/fr\/#breadcrumb"},"inLanguage":"fr-FR","potentialAction":[{"@type":"ReadAction","target":["https:\/\/jonastomalty.com\/fr\/"]}]},{"@type":"ImageObject","inLanguage":"fr-FR","@id":"https:\/\/jonastomalty.com\/fr\/#primaryimage","url":"https:\/\/jonastomalty.com\/wp-content\/uploads\/2022\/06\/Jonas-Tomalty-Undivided-1.jpg","contentUrl":"https:\/\/jonastomalty.com\/wp-content\/uploads\/2022\/06\/Jonas-Tomalty-Undivided-1.jpg","width":733,"height":733,"caption":"Jonas Tomalty - Undivided"},{"@type":"BreadcrumbList","@id":"https:\/\/jonastomalty.com\/fr\/#breadcrumb","itemListElement":[{"@type":"ListItem","position":1,"name":"Home","item":"https:\/\/jonastomalty.com\/fr\/"},{"@type":"ListItem","position":2,"name":"Accueil"}]},{"@type":"WebSite","@id":"https:\/\/jonastomalty.com\/fr\/#website","url":"https:\/\/jonastomalty.com\/fr\/","name":"Jonas Tomalty","description":"New solo debut single &quot;All In For You&quot; available now!","publisher":{"@id":"https:\/\/jonastomalty.com\/fr\/#organization"},"potentialAction":[{"@type":"SearchAction","target":{"@type":"EntryPoint","urlTemplate":"https:\/\/jonastomalty.com\/fr\/?s={search_term_string}"},"query-input":"required name=search_term_string"}],"inLanguage":"fr-FR"},{"@type":"Organization","@id":"https:\/\/jonastomalty.com\/fr\/#organization","name":"Jonas Tomalty","url":"https:\/\/jonastomalty.com\/fr\/","logo":{"@type":"ImageObject","inLanguage":"fr-FR","@id":"https:\/\/jonastomalty.com\/fr\/#\/schema\/logo\/image\/","url":"https:\/\/jonastomalty.com\/wp-content\/uploads\/2019\/05\/jonas-tomalty-retina-logo.jpg","contentUrl":"https:\/\/jonastomalty.com\/wp-content\/uploads\/2019\/05\/jonas-tomalty-retina-logo.jpg","width":920,"height":90,"caption":"Jonas Tomalty"},"image":{"@id":"https:\/\/jonastomalty.com\/fr\/#\/schema\/logo\/image\/"},"sameAs":["https:\/\/www.facebook.com\/iamjonastomalty","https:\/\/x.com\/jtomalty","https:\/\/www.instagram.com\/jonastomalty"]}]}},"_links":{"self":[{"href":"https:\/\/jonastomalty.com\/fr\/wp-json\/wp\/v2\/pages\/374","targetHints":{"allow":["GET"]}}],"collection":[{"href":"https:\/\/jonastomalty.com\/fr\/wp-json\/wp\/v2\/pages"}],"about":[{"href":"https:\/\/jonastomalty.com\/fr\/wp-json\/wp\/v2\/types\/page"}],"author":[{"embeddable":true,"href":"https:\/\/jonastomalty.com\/fr\/wp-json\/wp\/v2\/users\/3"}],"replies":[{"embeddable":true,"href":"https:\/\/jonastomalty.com\/fr\/wp-json\/wp\/v2\/comments?post=374"}],"version-history":[{"count":29,"href":"https:\/\/jonastomalty.com\/fr\/wp-json\/wp\/v2\/pages\/374\/revisions"}],"predecessor-version":[{"id":560,"href":"https:\/\/jonastomalty.com\/fr\/wp-json\/wp\/v2\/pages\/374\/revisions\/560"}],"wp:featuredmedia":[{"embeddable":true,"href":"https:\/\/jonastomalty.com\/fr\/wp-json\/wp\/v2\/media\/407"}],"wp:attachment":[{"href":"https:\/\/jonastomalty.com\/fr\/wp-json\/wp\/v2\/media?parent=374"}],"curies":[{"name":"wp","href":"https:\/\/api.w.org\/{rel}","templated":true}]}}